{"id":12,"date":"2026-03-02T11:57:44","date_gmt":"2026-03-02T11:57:44","guid":{"rendered":"https:\/\/arvu.hu\/index.php\/contact-us\/"},"modified":"2026-03-04T16:34:24","modified_gmt":"2026-03-04T16:34:24","slug":"contact-us","status":"publish","type":"page","link":"https:\/\/arvu.hu\/index.php\/contact-us\/","title":{"rendered":"Kapcsolat"},"content":{"rendered":"\t\t<div data-elementor-type=\"wp-page\" data-elementor-id=\"12\" class=\"elementor elementor-12\" data-elementor-post-type=\"page\">\n\t\t\t\t<div class=\"elementor-element elementor-element-9875908 e-con-full e-flex e-con e-parent\" data-id=\"9875908\" data-element_type=\"container\" data-e-type=\"container\">\n\t\t<div class=\"elementor-element elementor-element-2a96d966 e-con-full e-flex e-con e-child\" data-id=\"2a96d966\" data-element_type=\"container\" data-e-type=\"container\">\n\t\t<div class=\"elementor-element elementor-element-1cb7e1b8 e-con-full e-flex e-con e-child\" data-id=\"1cb7e1b8\" data-element_type=\"container\" data-e-type=\"container\">\n\t\t\t\t<div class=\"elementor-element elementor-element-2a804c27 elementor-widget elementor-widget-heading\" data-id=\"2a804c27\" data-element_type=\"widget\" data-e-type=\"widget\" data-widget_type=\"heading.default\">\n\t\t\t\t\t<h1 class=\"elementor-heading-title elementor-size-default\">Itt vagyunk! Seg\u00edt\u00fcnk!<\/h1>\t\t\t\t<\/div>\n\t\t\t\t<div class=\"elementor-element elementor-element-47c909d3 elementor-widget__width-initial elementor-invisible elementor-widget elementor-widget-text-editor\" data-id=\"47c909d3\" data-element_type=\"widget\" data-e-type=\"widget\" data-settings=\"{&quot;_animation&quot;:&quot;fadeInDown&quot;}\" data-widget_type=\"text-editor.default\">\n\t\t\t\t\t\t\t\t\t<p>Ha k\u00e9rd\u00e9se van, vagy egy egyedi t\u00e1rgy elk\u00e9sz\u00edt\u00e9s\u00e9n gondolkodik, b\u00e1tran keressen meg benn\u00fcnket. Sz\u00edvesen seg\u00edt\u00fcnk \u00e1tgondolni az elk\u00e9pzel\u00e9st, \u00e9s megtal\u00e1lni a legmegfelel\u0151bb megold\u00e1st \u2013 legyen sz\u00f3 egy kisebb projektr\u0151l, eml\u00e9kt\u00e1rgyr\u00f3l vagy k\u00fcl\u00f6nleges alkalomhoz kapcsol\u00f3d\u00f3 t\u00e1rgyr\u00f3l.<\/p>\t\t\t\t\t\t\t\t<\/div>\n\t\t\t\t<\/div>\n\t\t<div class=\"elementor-element elementor-element-4027aabc e-con-full e-flex e-con e-child\" data-id=\"4027aabc\" data-element_type=\"container\" data-e-type=\"container\">\n\t\t\t\t<div class=\"elementor-element elementor-element-6493cc46 elementor-widget__width-initial elementor-widget-mobile__width-inherit elementor-widget elementor-widget-icon-box\" data-id=\"6493cc46\" data-element_type=\"widget\" data-e-type=\"widget\" data-widget_type=\"icon-box.default\">\n\t\t\t\t\t\t\t<div class=\"elementor-icon-box-wrapper\">\n\n\t\t\t\n\t\t\t\t\t\t<div class=\"elementor-icon-box-content\">\n\n\t\t\t\t\t\t\t\t\t<h3 class=\"elementor-icon-box-title\">\n\t\t\t\t\t\t<span  >\n\t\t\t\t\t\t\tel\u00e9rhet\u0151s\u00e9g\u00fcnk:\n\t\t\t\t\t\t<\/span>\n\t\t\t\t\t<\/h3>\n\t\t\t\t\n\t\t\t\t\t\t\t\t\t<p class=\"elementor-icon-box-description\">\n\t\t\t\t\t\t+36 70 726 3976<br>arvu@arvu.hu\t\t\t\t\t<\/p>\n\t\t\t\t\n\t\t\t<\/div>\n\t\t\t\n\t\t<\/div>\n\t\t\t\t\t\t<\/div>\n\t\t\t\t<\/div>\n\t\t\t\t<\/div>\n\t\t<div class=\"elementor-element elementor-element-5f100613 e-con-full e-flex e-con e-child\" data-id=\"5f100613\" data-element_type=\"container\" data-e-type=\"container\" data-settings=\"{&quot;background_background&quot;:&quot;classic&quot;}\">\n\t\t\t\t<\/div>\n\t\t\t\t<\/div>\n\t\t<div class=\"elementor-element elementor-element-49b970b1 e-con-full e-flex e-con e-parent\" data-id=\"49b970b1\" data-element_type=\"container\" data-e-type=\"container\">\n\t\t<div class=\"elementor-element elementor-element-505336fa e-con-full e-flex e-con e-child\" data-id=\"505336fa\" data-element_type=\"container\" data-e-type=\"container\" data-settings=\"{&quot;background_background&quot;:&quot;classic&quot;}\">\n\t\t\t\t<\/div>\n\t\t<div class=\"elementor-element elementor-element-4838d02c e-con-full e-flex e-con e-child\" data-id=\"4838d02c\" data-element_type=\"container\" data-e-type=\"container\">\n\t\t\t\t<div class=\"elementor-element elementor-element-5fd23b7e elementor-widget elementor-widget-heading\" data-id=\"5fd23b7e\" data-element_type=\"widget\" data-e-type=\"widget\" data-widget_type=\"heading.default\">\n\t\t\t\t\t<span class=\"elementor-heading-title elementor-size-default\">tal\u00e1lkozzunk!<\/span>\t\t\t\t<\/div>\n\t\t<div class=\"elementor-element elementor-element-75fd9e56 e-con-full e-flex e-con e-child\" data-id=\"75fd9e56\" data-element_type=\"container\" data-e-type=\"container\">\n\t\t\t\t<div class=\"elementor-element elementor-element-208e2c4a elementor-widget elementor-widget-text-editor\" data-id=\"208e2c4a\" data-element_type=\"widget\" data-e-type=\"widget\" data-widget_type=\"text-editor.default\">\n\t\t\t\t\t\t\t\t\t<p>Ha van egy \u00f6tlete egy egyedi t\u00e1rgyra, eml\u00e9kre vagy projektre, sz\u00edvesen besz\u00e9lget\u00fcnk r\u00f3la szem\u00e9lyesen is. Egy k\u00e1v\u00e9 mellett gyakran k\u00f6nnyebb \u00e1tgondolni az elk\u00e9pzel\u00e9seket \u00e9s megtal\u00e1lni a legjobb megold\u00e1st. Ha szeretne tal\u00e1lkozni, keressen benn\u00fcnket a fenti el\u00e9rhet\u0151s\u00e9gek valamelyik\u00e9n, \u00e9s egyeztess\u00fcnk id\u0151pontot.<\/p>\t\t\t\t\t\t\t\t<\/div>\n\t\t\t\t<\/div>\n\t\t\t\t<\/div>\n\t\t\t\t<\/div>\n\t\t\t\t<\/div>\n\t\t","protected":false},"excerpt":{"rendered":"<p>Itt vagyunk! Seg\u00edt\u00fcnk! Ha k\u00e9rd\u00e9se van, vagy egy egyedi t\u00e1rgy elk\u00e9sz\u00edt\u00e9s\u00e9n gondolkodik, b\u00e1tran keressen meg benn\u00fcnket. Sz\u00edvesen seg\u00edt\u00fcnk \u00e1tgondolni az elk\u00e9pzel\u00e9st, \u00e9s megtal\u00e1lni a legmegfelel\u0151bb megold\u00e1st \u2013 legyen sz\u00f3 egy kisebb projektr\u0151l, eml\u00e9kt\u00e1rgyr\u00f3l vagy k\u00fcl\u00f6nleges alkalomhoz kapcsol\u00f3d\u00f3 t\u00e1rgyr\u00f3l. el\u00e9rhet\u0151s\u00e9g\u00fcnk: +36 70 726 3976arvu@arvu.hu tal\u00e1lkozzunk! Ha van egy \u00f6tlete egy egyedi t\u00e1rgyra, eml\u00e9kre vagy projektre, sz\u00edvesen [&hellip;]<\/p>\n","protected":false},"author":1,"featured_media":17,"parent":0,"menu_order":0,"comment_status":"closed","ping_status":"closed","template":"elementor_header_footer","meta":{"footnotes":""},"class_list":["post-12","page","type-page","status-publish","has-post-thumbnail","hentry"],"_links":{"self":[{"href":"https:\/\/arvu.hu\/index.php\/wp-json\/wp\/v2\/pages\/12","targetHints":{"allow":["GET"]}}],"collection":[{"href":"https:\/\/arvu.hu\/index.php\/wp-json\/wp\/v2\/pages"}],"about":[{"href":"https:\/\/arvu.hu\/index.php\/wp-json\/wp\/v2\/types\/page"}],"author":[{"embeddable":true,"href":"https:\/\/arvu.hu\/index.php\/wp-json\/wp\/v2\/users\/1"}],"replies":[{"embeddable":true,"href":"https:\/\/arvu.hu\/index.php\/wp-json\/wp\/v2\/comments?post=12"}],"version-history":[{"count":7,"href":"https:\/\/arvu.hu\/index.php\/wp-json\/wp\/v2\/pages\/12\/revisions"}],"predecessor-version":[{"id":104,"href":"https:\/\/arvu.hu\/index.php\/wp-json\/wp\/v2\/pages\/12\/revisions\/104"}],"wp:featuredmedia":[{"embeddable":true,"href":"https:\/\/arvu.hu\/index.php\/wp-json\/wp\/v2\/media\/17"}],"wp:attachment":[{"href":"https:\/\/arvu.hu\/index.php\/wp-json\/wp\/v2\/media?parent=12"}],"curies":[{"name":"wp","href":"https:\/\/api.w.org\/{rel}","templated":true}]}}