{"id":27,"date":"2026-03-02T11:57:46","date_gmt":"2026-03-02T11:57:46","guid":{"rendered":"https:\/\/arvu.hu\/index.php\/workshops\/"},"modified":"2026-03-04T16:32:23","modified_gmt":"2026-03-04T16:32:23","slug":"workshops","status":"publish","type":"page","link":"https:\/\/arvu.hu\/index.php\/workshops\/","title":{"rendered":"Workshops"},"content":{"rendered":"\t\t<div data-elementor-type=\"wp-page\" data-elementor-id=\"27\" class=\"elementor elementor-27\" data-elementor-post-type=\"page\">\n\t\t\t\t<div class=\"elementor-element elementor-element-b3fee88 e-con-full e-flex e-con e-parent\" data-id=\"b3fee88\" data-element_type=\"container\" data-e-type=\"container\">\n\t\t<div class=\"elementor-element elementor-element-74a392c1 e-con-full e-flex e-con e-child\" data-id=\"74a392c1\" data-element_type=\"container\" data-e-type=\"container\">\n\t\t<div class=\"elementor-element elementor-element-7ffe2541 e-con-full e-flex e-con e-child\" data-id=\"7ffe2541\" data-element_type=\"container\" data-e-type=\"container\">\n\t\t\t\t<div class=\"elementor-element elementor-element-16b88acc elementor-widget elementor-widget-heading\" data-id=\"16b88acc\" data-element_type=\"widget\" data-e-type=\"widget\" data-widget_type=\"heading.default\">\n\t\t\t\t\t<h1 class=\"elementor-heading-title elementor-size-default\">Term\u00e9kek<\/h1>\t\t\t\t<\/div>\n\t\t\t\t<div class=\"elementor-element elementor-element-67695bb6 elementor-widget__width-initial elementor-invisible elementor-widget elementor-widget-text-editor\" data-id=\"67695bb6\" data-element_type=\"widget\" data-e-type=\"widget\" data-settings=\"{&quot;_animation&quot;:&quot;fadeInDown&quot;}\" data-widget_type=\"text-editor.default\">\n\t\t\t\t\t\t\t\t\t<p>Az \u00c1RVU t\u00e1rgyai kis sz\u00e9ri\u00e1ban vagy egyedi gy\u00e1rt\u00e1sban k\u00e9sz\u00fclnek. A c\u00e9l nem a t\u00f6megtermel\u00e9s, hanem olyan t\u00e1rgyak l\u00e9trehoz\u00e1sa, amelyek jelent\u00e9st hordoznak \u00e9s hossz\u00fa t\u00e1von is \u00e9rt\u00e9ket k\u00e9pviselnek.<\/p>\t\t\t\t\t\t\t\t<\/div>\n\t\t\t\t<\/div>\n\t\t\t\t<div class=\"elementor-element elementor-element-18c6cdad elementor-invisible elementor-widget elementor-widget-heading\" data-id=\"18c6cdad\" data-element_type=\"widget\" data-e-type=\"widget\" data-settings=\"{&quot;_animation&quot;:&quot;fadeInUp&quot;}\" data-widget_type=\"heading.default\">\n\t\t\t\t\t<span class=\"elementor-heading-title elementor-size-default\">#\u00e1rvu<\/span>\t\t\t\t<\/div>\n\t\t\t\t<\/div>\n\t\t<div class=\"elementor-element elementor-element-699e7148 e-con-full e-flex e-con e-child\" data-id=\"699e7148\" data-element_type=\"container\" data-e-type=\"container\" data-settings=\"{&quot;background_background&quot;:&quot;classic&quot;}\">\n\t\t\t\t<\/div>\n\t\t\t\t<\/div>\n\t\t<div class=\"elementor-element elementor-element-23f61ecc e-con-full e-flex e-con e-parent\" data-id=\"23f61ecc\" data-element_type=\"container\" data-e-type=\"container\" id=\"Workshop_Learn_The_Basics\">\n\t\t<div class=\"elementor-element elementor-element-5ce23c7f e-con-full e-flex e-con e-child\" data-id=\"5ce23c7f\" data-element_type=\"container\" data-e-type=\"container\" data-settings=\"{&quot;background_background&quot;:&quot;classic&quot;}\">\n\t\t\t\t<\/div>\n\t\t<div class=\"elementor-element elementor-element-357f1d72 e-con-full e-flex e-con e-child\" data-id=\"357f1d72\" data-element_type=\"container\" data-e-type=\"container\">\n\t\t\t\t<div class=\"elementor-element elementor-element-1aa32f5a elementor-icon-list--layout-inline elementor-list-item-link-full_width elementor-widget elementor-widget-icon-list\" data-id=\"1aa32f5a\" data-element_type=\"widget\" data-e-type=\"widget\" data-widget_type=\"icon-list.default\">\n\t\t\t\t\t\t\t<ul class=\"elementor-icon-list-items elementor-inline-items\">\n\t\t\t\t\t\t\t<li class=\"elementor-icon-list-item elementor-inline-item\">\n\t\t\t\t\t\t\t\t\t\t<span class=\"elementor-icon-list-text\"><\/span>\n\t\t\t\t\t\t\t\t\t<\/li>\n\t\t\t\t\t\t\t\t<li class=\"elementor-icon-list-item elementor-inline-item\">\n\t\t\t\t\t\t\t\t\t\t<span class=\"elementor-icon-list-text\"><\/span>\n\t\t\t\t\t\t\t\t\t<\/li>\n\t\t\t\t\t\t\t\t<li class=\"elementor-icon-list-item elementor-inline-item\">\n\t\t\t\t\t\t\t\t\t\t<span class=\"elementor-icon-list-text\"><\/span>\n\t\t\t\t\t\t\t\t\t<\/li>\n\t\t\t\t\t\t<\/ul>\n\t\t\t\t\t\t<\/div>\n\t\t\t\t<div class=\"elementor-element elementor-element-4d31c969 elementor-widget elementor-widget-text-editor\" data-id=\"4d31c969\" data-element_type=\"widget\" data-e-type=\"widget\" data-widget_type=\"text-editor.default\">\n\t\t\t\t\t\t\t\t\t<p data-start=\"372\" data-end=\"607\">Munk\u00e1ink k\u00f6z\u00f6tt megtal\u00e1lhat\u00f3k eml\u00e9kt\u00e1rgyak, d\u00edjak, falra helyezhet\u0151 objektumok, valamint k\u00fcl\u00f6nleges alkalmakhoz vagy esem\u00e9nyekhez kapcsol\u00f3d\u00f3 egyedi t\u00e1rgyak. Minden darabn\u00e1l fontos szerepet kap az anyag, a forma \u00e9s a gondos kivitelez\u00e9s.<\/p><p data-start=\"609\" data-end=\"840\">A t\u00e1rgyak t\u00f6bbs\u00e9ge f\u00e1val, f\u00e9mmel \u00e9s m\u00e1s tart\u00f3s anyagokkal k\u00e9sz\u00fcl, gyakran grav\u00edroz\u00e1ssal vagy egyedi fel\u00fcletkezel\u00e9ssel. Az elk\u00e9sz\u00fclt darabok \u00edgy nemcsak funkcion\u00e1lisak vagy dekorat\u00edvak, hanem szem\u00e9lyes vagy k\u00f6z\u00f6ss\u00e9gi jelent\u00e9st is hordoznak.<\/p><p data-start=\"842\" data-end=\"948\">Az \u00c1RVU sz\u00e1m\u00e1ra a t\u00e1rgyak val\u00f3di \u00e9rt\u00e9ke az id\u0151t\u00e1ll\u00f3s\u00e1gban, a t\u00f6rt\u00e9netekben \u00e9s a gondos k\u00e9sz\u00edt\u00e9sben rejlik, legyen sz\u00f3 egy eml\u00e9kt\u00e1rgyr\u00f3l, vagy n\u00e9h\u00e1ny aj\u00e1nd\u00e9kt\u00e1rgy grav\u00edroz\u00e1s\u00e1r\u00f3l.<\/p>\t\t\t\t\t\t\t\t<\/div>\n\t\t\t\t<\/div>\n\t\t\t\t<\/div>\n\t\t\t\t<\/div>\n\t\t","protected":false},"excerpt":{"rendered":"<p>Term\u00e9kek Az \u00c1RVU t\u00e1rgyai kis sz\u00e9ri\u00e1ban vagy egyedi gy\u00e1rt\u00e1sban k\u00e9sz\u00fclnek. A c\u00e9l nem a t\u00f6megtermel\u00e9s, hanem olyan t\u00e1rgyak l\u00e9trehoz\u00e1sa, amelyek jelent\u00e9st hordoznak \u00e9s hossz\u00fa t\u00e1von is \u00e9rt\u00e9ket k\u00e9pviselnek. #\u00e1rvu Munk\u00e1ink k\u00f6z\u00f6tt megtal\u00e1lhat\u00f3k eml\u00e9kt\u00e1rgyak, d\u00edjak, falra helyezhet\u0151 objektumok, valamint k\u00fcl\u00f6nleges alkalmakhoz vagy esem\u00e9nyekhez kapcsol\u00f3d\u00f3 egyedi t\u00e1rgyak. Minden darabn\u00e1l fontos szerepet kap az anyag, a forma \u00e9s [&hellip;]<\/p>\n","protected":false},"author":1,"featured_media":35,"parent":0,"menu_order":0,"comment_status":"closed","ping_status":"closed","template":"elementor_header_footer","meta":{"footnotes":""},"class_list":["post-27","page","type-page","status-publish","has-post-thumbnail","hentry"],"_links":{"self":[{"href":"https:\/\/arvu.hu\/index.php\/wp-json\/wp\/v2\/pages\/27","targetHints":{"allow":["GET"]}}],"collection":[{"href":"https:\/\/arvu.hu\/index.php\/wp-json\/wp\/v2\/pages"}],"about":[{"href":"https:\/\/arvu.hu\/index.php\/wp-json\/wp\/v2\/types\/page"}],"author":[{"embeddable":true,"href":"https:\/\/arvu.hu\/index.php\/wp-json\/wp\/v2\/users\/1"}],"replies":[{"embeddable":true,"href":"https:\/\/arvu.hu\/index.php\/wp-json\/wp\/v2\/comments?post=27"}],"version-history":[{"count":7,"href":"https:\/\/arvu.hu\/index.php\/wp-json\/wp\/v2\/pages\/27\/revisions"}],"predecessor-version":[{"id":130,"href":"https:\/\/arvu.hu\/index.php\/wp-json\/wp\/v2\/pages\/27\/revisions\/130"}],"wp:featuredmedia":[{"embeddable":true,"href":"https:\/\/arvu.hu\/index.php\/wp-json\/wp\/v2\/media\/35"}],"wp:attachment":[{"href":"https:\/\/arvu.hu\/index.php\/wp-json\/wp\/v2\/media?parent=27"}],"curies":[{"name":"wp","href":"https:\/\/api.w.org\/{rel}","templated":true}]}}