{"id":36,"date":"2026-03-02T11:57:48","date_gmt":"2026-03-02T11:57:48","guid":{"rendered":"https:\/\/arvu.hu\/index.php\/about-us\/"},"modified":"2026-03-04T16:41:07","modified_gmt":"2026-03-04T16:41:07","slug":"about-us","status":"publish","type":"page","link":"https:\/\/arvu.hu\/index.php\/about-us\/","title":{"rendered":"About Us"},"content":{"rendered":"\t\t<div data-elementor-type=\"wp-page\" data-elementor-id=\"36\" class=\"elementor elementor-36\" data-elementor-post-type=\"page\">\n\t\t\t\t<div class=\"elementor-element elementor-element-19ef1803 e-con-full e-flex e-con e-parent\" data-id=\"19ef1803\" data-element_type=\"container\" data-e-type=\"container\">\n\t\t<div class=\"elementor-element elementor-element-1324e3b6 e-con-full e-flex e-con e-child\" data-id=\"1324e3b6\" data-element_type=\"container\" data-e-type=\"container\">\n\t\t<div class=\"elementor-element elementor-element-1cadb05f e-con-full e-flex e-con e-child\" data-id=\"1cadb05f\" data-element_type=\"container\" data-e-type=\"container\">\n\t\t\t\t<div class=\"elementor-element elementor-element-30fbb45e elementor-widget elementor-widget-heading\" data-id=\"30fbb45e\" data-element_type=\"widget\" data-e-type=\"widget\" data-widget_type=\"heading.default\">\n\t\t\t\t\t<h1 class=\"elementor-heading-title elementor-size-default\">R\u00f3lam\n<\/h1>\t\t\t\t<\/div>\n\t\t\t\t<div class=\"elementor-element elementor-element-1a58cb49 elementor-widget__width-initial elementor-invisible elementor-widget elementor-widget-text-editor\" data-id=\"1a58cb49\" data-element_type=\"widget\" data-e-type=\"widget\" data-settings=\"{&quot;_animation&quot;:&quot;fadeInDown&quot;}\" data-widget_type=\"text-editor.default\">\n\t\t\t\t\t\t\t\t\t<p data-start=\"676\" data-end=\"1020\">Az \u00c1RVU alap\u00edt\u00f3ja Vigyik\u00e1n Gy\u00f6rgy. Munk\u00e1j\u00e1t mindig is az a gondolat vez\u00e9relte, hogy a t\u00e1rgyaknak jelent\u00e9se \u00e9s t\u00f6rt\u00e9nete lehet. P\u00e1lyafut\u00e1sa sor\u00e1n k\u00fcl\u00f6nb\u00f6z\u0151 k\u00f6z\u00f6ss\u00e9gi \u00e9s szervezeti k\u00f6rnyezetekben szerzett tapasztalatot, ahol gyakran tal\u00e1lkozott azzal az ig\u00e9nnyel, hogy egy esem\u00e9ny, k\u00f6z\u00f6ss\u00e9g vagy szem\u00e9lyes t\u00f6rt\u00e9net t\u00e1rgyi form\u00e1ban is megjelenjen.<\/p><p data-start=\"1022\" data-end=\"1321\">Az \u00c1RVU l\u00e9trehoz\u00e1s\u00e1val egy olyan st\u00fadi\u00f3t k\u00edv\u00e1nt megteremteni, ahol az anyag, a forma \u00e9s a gondos kivitelez\u00e9s tal\u00e1lkozik a szem\u00e9lyes jelent\u00e9ssel. A c\u00e9l nem t\u00f6megterm\u00e9kek l\u00e9trehoz\u00e1sa, hanem olyan t\u00e1rgyak k\u00e9sz\u00edt\u00e9se, amelyek eml\u00e9ket \u0151riznek, t\u00f6rt\u00e9netet hordoznak, \u00e9s hossz\u00fa t\u00e1von is \u00e9rt\u00e9ket k\u00e9pviselnek.<\/p><p data-start=\"1323\" data-end=\"1491\">A st\u00fadi\u00f3 m\u0171k\u00f6d\u00e9s\u00e9ben fontos szerepet kap a k\u00f6z\u00f6ss\u00e9gi szeml\u00e9let is: az \u00c1RVU a gy\u00e1rt\u00e1si kapacit\u00e1s egy r\u00e9sz\u00e9t nonprofit \u00e9s k\u00f6z\u00f6ss\u00e9gi kezdem\u00e9nyez\u00e9sek t\u00e1mogat\u00e1s\u00e1ra ford\u00edtja.<\/p>\t\t\t\t\t\t\t\t<\/div>\n\t\t\t\t<\/div>\n\t\t\t\t<div class=\"elementor-element elementor-element-1ceac7c0 elementor-invisible elementor-widget elementor-widget-heading\" data-id=\"1ceac7c0\" data-element_type=\"widget\" data-e-type=\"widget\" data-settings=\"{&quot;_animation&quot;:&quot;fadeInUp&quot;}\" data-widget_type=\"heading.default\">\n\t\t\t\t\t<span class=\"elementor-heading-title elementor-size-default\">studio<\/span>\t\t\t\t<\/div>\n\t\t\t\t<\/div>\n\t\t<div class=\"elementor-element elementor-element-3d423c1b e-con-full e-flex e-con e-child\" data-id=\"3d423c1b\" data-element_type=\"container\" data-e-type=\"container\" data-settings=\"{&quot;background_background&quot;:&quot;classic&quot;}\">\n\t\t\t\t<\/div>\n\t\t\t\t<\/div>\n\t\t<div class=\"elementor-element elementor-element-6d796fa4 e-con-full e-flex e-con e-parent\" data-id=\"6d796fa4\" data-element_type=\"container\" data-e-type=\"container\">\n\t\t<div class=\"elementor-element elementor-element-120bfebc e-con-full e-flex e-con e-child\" data-id=\"120bfebc\" data-element_type=\"container\" data-e-type=\"container\" data-settings=\"{&quot;background_background&quot;:&quot;classic&quot;}\">\n\t\t\t\t<\/div>\n\t\t<div class=\"elementor-element elementor-element-358ca1a6 e-con-full e-flex e-con e-child\" data-id=\"358ca1a6\" data-element_type=\"container\" data-e-type=\"container\">\n\t\t\t\t<div class=\"elementor-element elementor-element-f555ea7 elementor-widget elementor-widget-heading\" data-id=\"f555ea7\" data-element_type=\"widget\" data-e-type=\"widget\" data-widget_type=\"heading.default\">\n\t\t\t\t\t<h2 class=\"elementor-heading-title elementor-size-default\">M\u0171k\u00f6d\u00e9si szeml\u00e9let<\/h2>\t\t\t\t<\/div>\n\t\t\t\t<div class=\"elementor-element elementor-element-65dd65ce elementor-widget elementor-widget-text-editor\" data-id=\"65dd65ce\" data-element_type=\"widget\" data-e-type=\"widget\" data-widget_type=\"text-editor.default\">\n\t\t\t\t\t\t\t\t\t<p data-start=\"283\" data-end=\"506\">Az \u00c1RVU munk\u00e1j\u00e1t a kis sz\u00e9ri\u00e1s gondolkod\u00e1s \u00e9s a tudatos t\u00e1rgyalkot\u00e1s szeml\u00e9lete hat\u00e1rozza meg. A st\u00fadi\u00f3 c\u00e9lja nem a mennyis\u00e9g n\u00f6vel\u00e9se, hanem olyan t\u00e1rgyak l\u00e9trehoz\u00e1sa, amelyek id\u0151t\u00e1ll\u00f3ak, \u00e1tgondoltak \u00e9s jelent\u00e9ssel b\u00edrnak.<\/p><p data-start=\"508\" data-end=\"739\">A tervez\u00e9si folyamat minden esetben az anyag \u00e9s a forma kapcsolat\u00e1nak vizsg\u00e1lat\u00e1val indul. Fontos sz\u00e1munkra, hogy az elk\u00e9sz\u00fclt t\u00e1rgy ne csup\u00e1n eszt\u00e9tikai elem legyen, hanem t\u00f6rt\u00e9netet, eml\u00e9ket vagy szem\u00e9lyes jelent\u00e9st is hordozzon.<\/p><p>\u00a0<\/p><p data-start=\"741\" data-end=\"1028\">Az \u00c1RVU kis sz\u00e9ri\u00e1ban vagy egyedi gy\u00e1rt\u00e1sban dolgozik. Ez lehet\u0151v\u00e9 teszi, hogy minden projektre elegend\u0151 figyelem jusson \u2013 a tervez\u00e9st\u0151l az anyagv\u00e1laszt\u00e1son \u00e1t eg\u00e9szen a kivitelez\u00e9sig. A c\u00e9l minden esetben ugyanaz: olyan t\u00e1rgyakat l\u00e9trehozni, amelyek hossz\u00fa t\u00e1von is \u00e9rt\u00e9ket k\u00e9pviselnek.<\/p>\t\t\t\t\t\t\t\t<\/div>\n\t\t\t\t<\/div>\n\t\t\t\t<\/div>\n\t\t<div class=\"elementor-element elementor-element-69340c3b e-flex e-con-boxed e-con e-parent\" data-id=\"69340c3b\" data-element_type=\"container\" data-e-type=\"container\">\n\t\t\t\t\t<div class=\"e-con-inner\">\n\t\t\t\t<div class=\"elementor-element elementor-element-4711d607 elementor-widget-divider--view-line elementor-widget elementor-widget-divider\" data-id=\"4711d607\" data-element_type=\"widget\" data-e-type=\"widget\" data-widget_type=\"divider.default\">\n\t\t\t\t\t\t\t<div class=\"elementor-divider\">\n\t\t\t<span class=\"elementor-divider-separator\">\n\t\t\t\t\t\t<\/span>\n\t\t<\/div>\n\t\t\t\t\t\t<\/div>\n\t\t\t\t<div class=\"elementor-element elementor-element-79477c55 elementor-widget elementor-widget-heading\" data-id=\"79477c55\" data-element_type=\"widget\" data-e-type=\"widget\" data-widget_type=\"heading.default\">\n\t\t\t\t\t<h2 class=\"elementor-heading-title elementor-size-default\">\u00c1RVU Support<\/h2>\t\t\t\t<\/div>\n\t\t\t\t<div class=\"elementor-element elementor-element-a4c3e5c elementor-invisible elementor-widget elementor-widget-text-editor\" data-id=\"a4c3e5c\" data-element_type=\"widget\" data-e-type=\"widget\" data-settings=\"{&quot;_animation&quot;:&quot;fadeIn&quot;}\" data-widget_type=\"text-editor.default\">\n\t\t\t\t\t\t\t\t\t<p>Az \u00c1RVU sz\u00e1m\u00e1ra fontos a k\u00f6z\u00f6ss\u00e9gi felel\u0151ss\u00e9gv\u00e1llal\u00e1s. A st\u00fadi\u00f3 \u00e9ves gy\u00e1rt\u00e1si kapacit\u00e1s\u00e1nak egy r\u00e9sz\u00e9t nonprofit \u00e9s szoci\u00e1lis kezdem\u00e9nyez\u00e9sek t\u00e1mogat\u00e1s\u00e1ra ford\u00edtjuk. Amennyiben egy szervezet olyan t\u00e1rgyat vagy eml\u00e9ket szeretne l\u00e9trehozni, amely k\u00f6z\u00f6ss\u00e9gi c\u00e9lt szolg\u00e1l, igyeksz\u00fcnk lehet\u0151s\u00e9geinkhez m\u00e9rten kedvezm\u00e9nyes vagy \u00f6nk\u00f6lts\u00e9gi gy\u00e1rt\u00e1ssal hozz\u00e1j\u00e1rulni a projekthez.<\/p>\t\t\t\t\t\t\t\t<\/div>\n\t\t\t\t\t<\/div>\n\t\t\t\t<\/div>\n\t\t<div class=\"elementor-element elementor-element-46b5651b e-con-full e-flex e-con e-parent\" data-id=\"46b5651b\" data-element_type=\"container\" data-e-type=\"container\" data-settings=\"{&quot;background_background&quot;:&quot;classic&quot;}\">\n\t\t<div class=\"elementor-element elementor-element-60f665f1 e-con-full e-flex e-con e-child\" data-id=\"60f665f1\" data-element_type=\"container\" data-e-type=\"container\">\n\t\t\t\t<div class=\"elementor-element elementor-element-1395ee38 elementor-position-left elementor-vertical-align-middle elementor-widget elementor-widget-image-box\" data-id=\"1395ee38\" data-element_type=\"widget\" data-e-type=\"widget\" data-widget_type=\"image-box.default\">\n\t\t\t\t\t<div class=\"elementor-image-box-wrapper\"><figure class=\"elementor-image-box-img\"><img decoding=\"async\" width=\"252\" height=\"163\" src=\"https:\/\/arvu.hu\/wp-content\/uploads\/2026\/03\/cropped-ChatGPT_Image_2026._febr._25._05_53_36__1_-removebg-preview.png\" class=\"attachment-full size-full wp-image-85\" alt=\"\u00c1RVU\" \/><\/figure><div class=\"elementor-image-box-content\"><p class=\"elementor-image-box-title\">Az \u00c1RVU sz\u00f3 a sz\u00e1mi nyelvb\u0151l sz\u00e1rmazik, jelent\u00e9se: \u00e9rt\u00e9k. A n\u00e9v szem\u00e9lyes k\u00f6t\u0151d\u00e9sb\u0151l sz\u00fcletett, \u00e9s azt a szeml\u00e9letet fejezi ki, hogy a t\u00e1rgyak val\u00f3di \u00e9rt\u00e9ke nem a mennyis\u00e9gben, hanem a jelent\u00e9sben, a tart\u00f3ss\u00e1gban \u00e9s a gondos kivitelez\u00e9sben rejlik.<\/p><\/div><\/div>\t\t\t\t<\/div>\n\t\t\t\t<\/div>\n\t\t\t\t<div class=\"elementor-element elementor-element-2e2a5b04 elementor-invisible elementor-widget elementor-widget-heading\" data-id=\"2e2a5b04\" data-element_type=\"widget\" data-e-type=\"widget\" data-settings=\"{&quot;_animation&quot;:&quot;fadeInUp&quot;}\" data-widget_type=\"heading.default\">\n\t\t\t\t\t<span class=\"elementor-heading-title elementor-size-default\">#\u00e1rvu<\/span>\t\t\t\t<\/div>\n\t\t\t\t<\/div>\n\t\t\t\t<\/div>\n\t\t","protected":false},"excerpt":{"rendered":"<p>R\u00f3lam Az \u00c1RVU alap\u00edt\u00f3ja Vigyik\u00e1n Gy\u00f6rgy. Munk\u00e1j\u00e1t mindig is az a gondolat vez\u00e9relte, hogy a t\u00e1rgyaknak jelent\u00e9se \u00e9s t\u00f6rt\u00e9nete lehet. P\u00e1lyafut\u00e1sa sor\u00e1n k\u00fcl\u00f6nb\u00f6z\u0151 k\u00f6z\u00f6ss\u00e9gi \u00e9s szervezeti k\u00f6rnyezetekben szerzett tapasztalatot, ahol gyakran tal\u00e1lkozott azzal az ig\u00e9nnyel, hogy egy esem\u00e9ny, k\u00f6z\u00f6ss\u00e9g vagy szem\u00e9lyes t\u00f6rt\u00e9net t\u00e1rgyi form\u00e1ban is megjelenjen. Az \u00c1RVU l\u00e9trehoz\u00e1s\u00e1val egy olyan st\u00fadi\u00f3t k\u00edv\u00e1nt megteremteni, ahol [&hellip;]<\/p>\n","protected":false},"author":1,"featured_media":47,"parent":0,"menu_order":0,"comment_status":"closed","ping_status":"closed","template":"elementor_header_footer","meta":{"footnotes":""},"class_list":["post-36","page","type-page","status-publish","has-post-thumbnail","hentry"],"_links":{"self":[{"href":"https:\/\/arvu.hu\/index.php\/wp-json\/wp\/v2\/pages\/36","targetHints":{"allow":["GET"]}}],"collection":[{"href":"https:\/\/arvu.hu\/index.php\/wp-json\/wp\/v2\/pages"}],"about":[{"href":"https:\/\/arvu.hu\/index.php\/wp-json\/wp\/v2\/types\/page"}],"author":[{"embeddable":true,"href":"https:\/\/arvu.hu\/index.php\/wp-json\/wp\/v2\/users\/1"}],"replies":[{"embeddable":true,"href":"https:\/\/arvu.hu\/index.php\/wp-json\/wp\/v2\/comments?post=36"}],"version-history":[{"count":13,"href":"https:\/\/arvu.hu\/index.php\/wp-json\/wp\/v2\/pages\/36\/revisions"}],"predecessor-version":[{"id":135,"href":"https:\/\/arvu.hu\/index.php\/wp-json\/wp\/v2\/pages\/36\/revisions\/135"}],"wp:featuredmedia":[{"embeddable":true,"href":"https:\/\/arvu.hu\/index.php\/wp-json\/wp\/v2\/media\/47"}],"wp:attachment":[{"href":"https:\/\/arvu.hu\/index.php\/wp-json\/wp\/v2\/media?parent=36"}],"curies":[{"name":"wp","href":"https:\/\/api.w.org\/{rel}","templated":true}]}}