{"id":48,"date":"2026-03-02T11:57:49","date_gmt":"2026-03-02T11:57:49","guid":{"rendered":"https:\/\/arvu.hu\/index.php\/home\/"},"modified":"2026-03-04T15:22:44","modified_gmt":"2026-03-04T15:22:44","slug":"home","status":"publish","type":"page","link":"https:\/\/arvu.hu\/","title":{"rendered":"Kezd\u0151lap"},"content":{"rendered":"<h1>Az \u00c1RVU egy kis sz\u00e9ri\u00e1s t\u00e1rgyakat alkot\u00f3 st\u00fadi\u00f3, ahol az anyag, a forma \u00e9s a gondos kivitelez\u00e9s adja az \u00e9rt\u00e9ket.<\/h1>\n<p data-start=\"266\" data-end=\"529\">Az \u00c1RVU egy kis sz\u00e9ri\u00e1s t\u00e1rgyakat alkot\u00f3 st\u00fadi\u00f3, amely az anyag, a forma \u00e9s a jelent\u00e9s kapcsolat\u00e1t kutatja. A st\u00fadi\u00f3 c\u00e9lja olyan t\u00e1rgyak l\u00e9trehoz\u00e1sa, amelyek nem csup\u00e1n funkcion\u00e1lisak vagy dekorat\u00edvak, hanem eml\u00e9ket, t\u00f6rt\u00e9netet vagy szem\u00e9lyes jelent\u00e9st hordoznak.<\/p>\n<p data-start=\"531\" data-end=\"801\">Munk\u00e1ink k\u00f6z\u00e9ppontj\u00e1ban a letisztult forma, a gondosan megv\u00e1lasztott anyagok \u00e9s a prec\u00edz kivitelez\u00e9s \u00e1ll. Els\u0151sorban f\u00e1val, f\u00e9mmel \u00e9s m\u00e1s tart\u00f3s anyagokkal dolgozunk, \u00e9s kis sz\u00e9ri\u00e1s vagy egyedi gy\u00e1rt\u00e1sban k\u00e9sz\u00edt\u00fcnk t\u00e1rgyakat, amelyek hossz\u00fa t\u00e1von is \u00e9rt\u00e9ket k\u00e9pviselnek.<\/p>\n<p>&nbsp;<\/p>\n<figure><img fetchpriority=\"high\" decoding=\"async\" class=\"alignnone size-medium wp-image-91\" src=\"https:\/\/arvu.hu\/wp-content\/uploads\/2026\/03\/1000015929-300x300.png\" alt=\"\" width=\"300\" height=\"300\" srcset=\"https:\/\/arvu.hu\/wp-content\/uploads\/2026\/03\/1000015929-300x300.png 300w, https:\/\/arvu.hu\/wp-content\/uploads\/2026\/03\/1000015929-150x150.png 150w, https:\/\/arvu.hu\/wp-content\/uploads\/2026\/03\/1000015929-768x768.png 768w, https:\/\/arvu.hu\/wp-content\/uploads\/2026\/03\/1000015929.png 1024w\" sizes=\"(max-width: 300px) 100vw, 300px\" \/><\/figure>\n<p>Az \u00c1RVU tev\u00e9kenys\u00e9ge k\u00e9t f\u0151 ter\u00fcletre \u00e9p\u00fcl.<br data-start=\"846\" data-end=\"849\" \/>Egyr\u00e9szt limit\u00e1lt t\u00e1rgykollekci\u00f3kat hozunk l\u00e9tre, amelyek az anyag \u00e9s a forma kapcsolat\u00e1t vizsg\u00e1lj\u00e1k. M\u00e1sr\u00e9szt egyedi projekteken dolgozunk szervezetekkel, k\u00f6z\u00f6ss\u00e9gekkel \u00e9s mag\u00e1nmegrendel\u0151kkel, ahol eml\u00e9kt\u00e1rgyak, d\u00edjak vagy k\u00fcl\u00f6nleges alkalmakhoz kapcsol\u00f3d\u00f3 t\u00e1rgyak k\u00e9sz\u00fclnek.<\/p>\n<figure><img decoding=\"async\" class=\"alignnone size-medium wp-image-94\" src=\"https:\/\/arvu.hu\/wp-content\/uploads\/2026\/03\/1000015930-300x300.png\" alt=\"\" width=\"300\" height=\"300\" srcset=\"https:\/\/arvu.hu\/wp-content\/uploads\/2026\/03\/1000015930-300x300.png 300w, https:\/\/arvu.hu\/wp-content\/uploads\/2026\/03\/1000015930-150x150.png 150w, https:\/\/arvu.hu\/wp-content\/uploads\/2026\/03\/1000015930-768x768.png 768w, https:\/\/arvu.hu\/wp-content\/uploads\/2026\/03\/1000015930.png 1024w\" sizes=\"(max-width: 300px) 100vw, 300px\" \/><\/figure>\n<p>A st\u00fadi\u00f3 alapelve a kis sz\u00e9ri\u00e1s gondolkod\u00e1s: kevesebb t\u00e1rgy, nagyobb figyelemmel k\u00e9sz\u00edtve. Az \u00c1RVU sz\u00e1m\u00e1ra az \u00e9rt\u00e9k nem a mennyis\u00e9gben, hanem a jelent\u00e9sben, a tart\u00f3ss\u00e1gban \u00e9s a gondos kivitelez\u00e9sben rejlik.<\/p>\n<p><a href=\"https:\/\/library.elementor.com\/ceramic-workshops-flexbox\/workshops\/#Workshop_Master_The_Basics\">\u00a0<\/a><\/p>\n<figure><img decoding=\"async\" class=\"alignnone size-medium wp-image-90\" src=\"https:\/\/arvu.hu\/wp-content\/uploads\/2026\/03\/1000015931-300x300.png\" alt=\"\" width=\"300\" height=\"300\" srcset=\"https:\/\/arvu.hu\/wp-content\/uploads\/2026\/03\/1000015931-300x300.png 300w, https:\/\/arvu.hu\/wp-content\/uploads\/2026\/03\/1000015931-150x150.png 150w, https:\/\/arvu.hu\/wp-content\/uploads\/2026\/03\/1000015931-768x768.png 768w, https:\/\/arvu.hu\/wp-content\/uploads\/2026\/03\/1000015931.png 1024w\" sizes=\"(max-width: 300px) 100vw, 300px\" \/><\/figure>\n<p data-start=\"223\" data-end=\"520\">Ha egyedi t\u00e1rgyban, eml\u00e9kt\u00e1rgyban vagy k\u00fcl\u00f6nleges alkalomhoz kapcsol\u00f3d\u00f3 objektben gondolkodik, az \u00c1RVU nyitott az egy\u00fcttm\u0171k\u00f6d\u00e9sekre.<br data-start=\"355\" data-end=\"358\" \/>Legyen sz\u00f3 kis sz\u00e9ri\u00e1s projektr\u0151l, szervezeti eml\u00e9kt\u00e1rgyr\u00f3l, d\u00edjr\u00f3l vagy szem\u00e9lyes jelent\u00e9ssel b\u00edr\u00f3 t\u00e1rgyr\u00f3l, a st\u00fadi\u00f3 minden megkeres\u00e9st egyedileg vizsg\u00e1l meg.<\/p>\n<p data-start=\"522\" data-end=\"640\">Amennyiben van egy elk\u00e9pzel\u00e9se, vagy csak egy \u00f6tlete, amelyb\u0151l t\u00e1rgy sz\u00fclethet, b\u00e1tran vegye fel vel\u00fcnk a kapcsolatot.<\/p>\n<figure><img loading=\"lazy\" decoding=\"async\" class=\"alignnone size-medium wp-image-92\" src=\"https:\/\/arvu.hu\/wp-content\/uploads\/2026\/03\/1000015917-300x300.png\" alt=\"\" width=\"300\" height=\"300\" srcset=\"https:\/\/arvu.hu\/wp-content\/uploads\/2026\/03\/1000015917-300x300.png 300w, https:\/\/arvu.hu\/wp-content\/uploads\/2026\/03\/1000015917-150x150.png 150w, https:\/\/arvu.hu\/wp-content\/uploads\/2026\/03\/1000015917-768x768.png 768w, https:\/\/arvu.hu\/wp-content\/uploads\/2026\/03\/1000015917.png 1024w\" sizes=\"(max-width: 300px) 100vw, 300px\" \/><\/figure>\n","protected":false},"excerpt":{"rendered":"<p>Az \u00c1RVU egy kis sz\u00e9ri\u00e1s t\u00e1rgyakat alkot\u00f3 st\u00fadi\u00f3, ahol az anyag, a forma \u00e9s a gondos kivitelez\u00e9s adja az \u00e9rt\u00e9ket. Az \u00c1RVU egy kis sz\u00e9ri\u00e1s t\u00e1rgyakat alkot\u00f3 st\u00fadi\u00f3, amely az anyag, a forma \u00e9s a jelent\u00e9s kapcsolat\u00e1t kutatja. A st\u00fadi\u00f3 c\u00e9lja olyan t\u00e1rgyak l\u00e9trehoz\u00e1sa, amelyek nem csup\u00e1n funkcion\u00e1lisak vagy dekorat\u00edvak, hanem eml\u00e9ket, t\u00f6rt\u00e9netet vagy szem\u00e9lyes [&hellip;]<\/p>\n","protected":false},"author":1,"featured_media":60,"parent":0,"menu_order":0,"comment_status":"closed","ping_status":"closed","template":"elementor_header_footer","meta":{"footnotes":""},"class_list":["post-48","page","type-page","status-publish","has-post-thumbnail","hentry"],"_links":{"self":[{"href":"https:\/\/arvu.hu\/index.php\/wp-json\/wp\/v2\/pages\/48","targetHints":{"allow":["GET"]}}],"collection":[{"href":"https:\/\/arvu.hu\/index.php\/wp-json\/wp\/v2\/pages"}],"about":[{"href":"https:\/\/arvu.hu\/index.php\/wp-json\/wp\/v2\/types\/page"}],"author":[{"embeddable":true,"href":"https:\/\/arvu.hu\/index.php\/wp-json\/wp\/v2\/users\/1"}],"replies":[{"embeddable":true,"href":"https:\/\/arvu.hu\/index.php\/wp-json\/wp\/v2\/comments?post=48"}],"version-history":[{"count":6,"href":"https:\/\/arvu.hu\/index.php\/wp-json\/wp\/v2\/pages\/48\/revisions"}],"predecessor-version":[{"id":89,"href":"https:\/\/arvu.hu\/index.php\/wp-json\/wp\/v2\/pages\/48\/revisions\/89"}],"wp:featuredmedia":[{"embeddable":true,"href":"https:\/\/arvu.hu\/index.php\/wp-json\/wp\/v2\/media\/60"}],"wp:attachment":[{"href":"https:\/\/arvu.hu\/index.php\/wp-json\/wp\/v2\/media?parent=48"}],"curies":[{"name":"wp","href":"https:\/\/api.w.org\/{rel}","templated":true}]}}